{"id":53,"date":"2025-09-20T13:27:25","date_gmt":"2025-09-20T13:27:25","guid":{"rendered":"https:\/\/sofiasantos.pt\/?page_id=53"},"modified":"2026-03-25T21:20:35","modified_gmt":"2026-03-25T21:20:35","slug":"cadernos","status":"publish","type":"page","link":"https:\/\/sofiasantos.pt\/en\/contact\/","title":{"rendered":"Contact"},"content":{"rendered":"<div class=\"wpb-content-wrapper\"><p>[vc_row][vc_column]<div data-display-style=\"pagination\" data-spinner=\"no\" data-columns-large-screen=\"3\" data-columns=\"3\" data-columns-tablet-landscape=\"2\" data-columns-tablet-portrait=\"2\" data-columns-mobile=\"1\" data-layout=\"fitRows\" data-gutter-size=\"40\" data-animation=\"none\" data-items-height=\"equal\" class=\"grve-element grve-blog grve-blog-columns grve-blog-grid grve-isotope grve-with-gap\" id=\"el-blog-default-id\">\r\n\t<div class=\"grve-isotope-container\">\r\n\t\t<div class=\"grve-grid-sizer\"><\/div>\r\n\r\n\t<article class=\"post-578 post type-post status-publish format-standard has-post-thumbnail hentry category-uncategorized grve-entry-item grve-blog-item\" itemscope itemType=\"http:\/\/schema.org\/BlogPosting\">\r\n\t\t<div class=\"grve-isotope-item-inner grve-default-size\">\r\n\t\t\t<div class=\"grve-post-item grve-style-1 grve-format-standard\">\r\n\t<div class=\"grve-post-item-inner\">\r\n\t\t<div class=\"grve-post-top\">\r\n\t\t\t\t\t\t<div class=\"grve-post-media grve-radius-none grve-shadow-none\">\r\n\t\t\t\t\t\t\t<a class=\"grve-item-url\" href=\"https:\/\/sofiasantos.pt\/en\/derivas8\/\" rel=\"bookmark\"><span class=\"screen-reader-text\">Derivas #8<\/span><\/a>\r\n\t\t\t\t<div class=\"grve-thumbnail-wrapper\"><div class=\"grve-thumbnail\"  style=\"padding-top: 133.393%;\"><img loading=\"lazy\" decoding=\"async\" width=\"560\" height=\"747\" src=\"https:\/\/sofiasantos.pt\/wp-content\/uploads\/2026\/03\/derivas-8-cover-560x747.webp\" class=\"attachment-impeka-grve-small-rect-vertical size-impeka-grve-small-rect-vertical wp-post-image\" alt=\"\" data-column-space=\"100\" data-lazyload=\"\" data-grve-filter=\"yes\" srcset=\"https:\/\/sofiasantos.pt\/wp-content\/uploads\/2026\/03\/derivas-8-cover-560x747.webp 560w, https:\/\/sofiasantos.pt\/wp-content\/uploads\/2026\/03\/derivas-8-cover-840x1120.webp 840w\" sizes=\"auto, (max-width: 560px) 100vw, 560px\" \/><\/div><\/div>\t\t\t<\/div>\r\n\t\t\t\t\t\t\t\t\t<div class=\"grve-post-content\">\r\n\t\t\t\t\t\t\t\t<a href=\"https:\/\/sofiasantos.pt\/en\/derivas8\/\" rel=\"bookmark\"><h3 class=\"grve-post-title grve-h3\" itemprop=\"headline\"><span>Derivas #8<\/span><\/h3><\/a>\t\t\t\t<div class=\"grve-post-exerpt\" itemprop=\"articleBody\">\r\n\t\t\t\t\t<p>[vc_column width=\"2\/3\" grve_css=\"{``desktop``:{``margin-top``:``50``,``class``:``grve-wpb-1774368456491``}}\"] Derivas #8 Derivas \u00e9 uma revista ocupada pelas pessoas dedicadas \u00e0 investiga\u00e7\u00e3o em Educa\u00e7\u00e3o Art\u00edstica, num tr\u00e2nsito entre o Doutoramento em Educa\u00e7\u00e3o Art\u00edstica (DEA) e o LabEA&hellip;<\/p><a class=\"grve-read-more grve-link-text\" href=\"https:\/\/sofiasantos.pt\/en\/derivas8\/\"><span>Ler mais<\/span>\t\t\t\t<svg width=\"40px\" height=\"16px\" viewBox=\"0 0 40 16\">\r\n\t\t\t\t\t<polygon class=\"grve-arrow-line\" points=\"0 7 38 7 38 9 0 9\"><\/polygon>\r\n\t\t\t\t\t<polygon class=\"grve-arrow-point\" points=\"31.3481912 0 40 8 31.3481912 16 30 14.5816219 37.1 8 30 1.41837809\"><\/polygon>\r\n\t\t\t\t<\/svg>\r\n\t\t\t<\/a>\t\t\t\t<\/div>\r\n\t\t\t<\/div>\r\n\t\t<\/div>\r\n\t\t\t<\/div>\r\n\t\t\t<span class=\"grve-hidden\">\r\n\t\t\t<span class=\"grve-structured-data\" itemprop=\"image\" itemscope itemtype=\"http:\/\/schema.org\/ImageObject\">\r\n\t\t\t   <span itemprop='url' >https:\/\/sofiasantos.pt\/wp-content\/uploads\/2026\/03\/derivas-8-cover.webp<\/span>\r\n\t\t\t   <span itemprop='height' >913<\/span>\r\n\t\t\t   <span itemprop='width' >1229<\/span>\r\n\t\t\t<\/span>\r\n\t\t\t\t\t\t<span class=\"grve-structured-data\" itemprop=\"author\" itemscope itemtype=\"http:\/\/schema.org\/Person\">\r\n\t\t\t\t<span itemprop=\"name\">Sofia Santos<\/span>\r\n\t\t\t<\/span>\r\n\t\t\t<span class=\"grve-structured-data\" itemprop=\"publisher\" itemscope itemtype=\"http:\/\/schema.org\/Organization\">\r\n\t\t\t\t<span itemprop='name'>Sofia Santos<\/span>\r\n\t\t\t\t<span itemprop='logo' itemscope itemtype='http:\/\/schema.org\/ImageObject'>\r\n\t\t\t\t\t<span itemprop='url'>https:\/\/sofiasantos.pt\/wp-content\/uploads\/2026\/03\/derivas-8-cover.webp<\/span>\r\n\t\t\t\t<\/span>\r\n\t\t\t<\/span>\r\n\t\t\t\t\t\t<time class=\"grve-structured-data\" itemprop=\"datePublished\" datetime=\"2026-03-11T15:41:54+00:00\">March 11, 2026<\/time>\r\n\t\t\t<time class=\"grve-structured-data\" itemprop=\"dateModified\"  datetime=\"2026-03-25T20:53:51+00:00\">March 25, 2026<\/time>\r\n\t\t\t<span class=\"grve-structured-data\" itemprop=\"mainEntityOfPage\" itemscope itemtype=\"http:\/\/schema.org\/WebPage\" itemid=\"https:\/\/sofiasantos.pt\/en\/derivas8\/\"><\/span>\r\n\t\t<\/span>\r\n\t<\/div>\r\n\t\t<\/div>\r\n\t<\/article>\r\n\t\r\n\t<article class=\"post-569 post type-post status-publish format-standard has-post-thumbnail hentry category-uncategorized grve-entry-item grve-blog-item\" itemscope itemType=\"http:\/\/schema.org\/BlogPosting\">\r\n\t\t<div class=\"grve-isotope-item-inner grve-default-size\">\r\n\t\t\t<div class=\"grve-post-item grve-style-1 grve-format-standard\">\r\n\t<div class=\"grve-post-item-inner\">\r\n\t\t<div class=\"grve-post-top\">\r\n\t\t\t\t\t\t<div class=\"grve-post-media grve-radius-none grve-shadow-none\">\r\n\t\t\t\t\t\t\t<a class=\"grve-item-url\" href=\"https:\/\/sofiasantos.pt\/en\/atlas-cartografia-relacional-de-um-encontro\/\" rel=\"bookmark\"><span class=\"screen-reader-text\">At(l)as do 10\u00ba EPRAE<\/span><\/a>\r\n\t\t\t\t<div class=\"grve-thumbnail-wrapper\"><div class=\"grve-thumbnail\"  style=\"padding-top: 133.393%;\"><img loading=\"lazy\" decoding=\"async\" width=\"560\" height=\"747\" src=\"https:\/\/sofiasantos.pt\/wp-content\/uploads\/2026\/03\/atlas-eprae-10-cover_-e1773336332586-560x747.webp\" class=\"attachment-impeka-grve-small-rect-vertical size-impeka-grve-small-rect-vertical wp-post-image\" alt=\"\" data-column-space=\"100\" data-lazyload=\"\" data-grve-filter=\"yes\" srcset=\"https:\/\/sofiasantos.pt\/wp-content\/uploads\/2026\/03\/atlas-eprae-10-cover_-e1773336332586-560x747.webp 560w, https:\/\/sofiasantos.pt\/wp-content\/uploads\/2026\/03\/atlas-eprae-10-cover_-e1773336332586-840x1120.webp 840w\" sizes=\"auto, (max-width: 560px) 100vw, 560px\" \/><\/div><\/div>\t\t\t<\/div>\r\n\t\t\t\t\t\t\t\t\t<div class=\"grve-post-content\">\r\n\t\t\t\t\t\t\t\t<a href=\"https:\/\/sofiasantos.pt\/en\/atlas-cartografia-relacional-de-um-encontro\/\" rel=\"bookmark\"><h3 class=\"grve-post-title grve-h3\" itemprop=\"headline\"><span>At(l)as do 10\u00ba EPRAE<\/span><\/h3><\/a>\t\t\t\t<div class=\"grve-post-exerpt\" itemprop=\"articleBody\">\r\n\t\t\t\t\t<p>[vc_column width=\"2\/3\" grve_css=\"{``desktop``:{``margin-top``:``50``,``class``:``grve-wpb-1773337228365``}}\"] At(l)as do 10\u00ba EPRAE Cartografia relacional de um encontro &nbsp; A 10\u00aa edi\u00e7\u00e3o do Encontro em Pr\u00e1ticas de Investiga\u00e7\u00e3o em Educa\u00e7\u00e3o Art\u00edstica (EPRAE) procurou, desde cedo, experimentar&hellip;<\/p><a class=\"grve-read-more grve-link-text\" href=\"https:\/\/sofiasantos.pt\/en\/atlas-cartografia-relacional-de-um-encontro\/\"><span>Ler mais<\/span>\t\t\t\t<svg width=\"40px\" height=\"16px\" viewBox=\"0 0 40 16\">\r\n\t\t\t\t\t<polygon class=\"grve-arrow-line\" points=\"0 7 38 7 38 9 0 9\"><\/polygon>\r\n\t\t\t\t\t<polygon class=\"grve-arrow-point\" points=\"31.3481912 0 40 8 31.3481912 16 30 14.5816219 37.1 8 30 1.41837809\"><\/polygon>\r\n\t\t\t\t<\/svg>\r\n\t\t\t<\/a>\t\t\t\t<\/div>\r\n\t\t\t<\/div>\r\n\t\t<\/div>\r\n\t\t\t<\/div>\r\n\t\t\t<span class=\"grve-hidden\">\r\n\t\t\t<span class=\"grve-structured-data\" itemprop=\"image\" itemscope itemtype=\"http:\/\/schema.org\/ImageObject\">\r\n\t\t\t   <span itemprop='url' >https:\/\/sofiasantos.pt\/wp-content\/uploads\/2026\/03\/atlas-eprae-10-cover_-e1773336332586.webp<\/span>\r\n\t\t\t   <span itemprop='height' >935<\/span>\r\n\t\t\t   <span itemprop='width' >1322<\/span>\r\n\t\t\t<\/span>\r\n\t\t\t\t\t\t<span class=\"grve-structured-data\" itemprop=\"author\" itemscope itemtype=\"http:\/\/schema.org\/Person\">\r\n\t\t\t\t<span itemprop=\"name\">Sofia Santos<\/span>\r\n\t\t\t<\/span>\r\n\t\t\t<span class=\"grve-structured-data\" itemprop=\"publisher\" itemscope itemtype=\"http:\/\/schema.org\/Organization\">\r\n\t\t\t\t<span itemprop='name'>Sofia Santos<\/span>\r\n\t\t\t\t<span itemprop='logo' itemscope itemtype='http:\/\/schema.org\/ImageObject'>\r\n\t\t\t\t\t<span itemprop='url'>https:\/\/sofiasantos.pt\/wp-content\/uploads\/2026\/03\/atlas-eprae-10-cover_-e1773336332586.webp<\/span>\r\n\t\t\t\t<\/span>\r\n\t\t\t<\/span>\r\n\t\t\t\t\t\t<time class=\"grve-structured-data\" itemprop=\"datePublished\" datetime=\"2026-03-11T15:16:18+00:00\">March 11, 2026<\/time>\r\n\t\t\t<time class=\"grve-structured-data\" itemprop=\"dateModified\"  datetime=\"2026-03-25T20:54:48+00:00\">March 25, 2026<\/time>\r\n\t\t\t<span class=\"grve-structured-data\" itemprop=\"mainEntityOfPage\" itemscope itemtype=\"http:\/\/schema.org\/WebPage\" itemid=\"https:\/\/sofiasantos.pt\/en\/atlas-cartografia-relacional-de-um-encontro\/\"><\/span>\r\n\t\t<\/span>\r\n\t<\/div>\r\n\t\t<\/div>\r\n\t<\/article>\r\n\t\t<\/div>\r\n<\/div>\r\n[\/vc_column][\/vc_row]<\/p>\n<\/div>","protected":false},"excerpt":{"rendered":"<p>[vc_row padding_top_multiplier=&#8221;3x&#8221;][vc_column width=&#8221;2\/3&#8243; grve_css=&#8221;{&#8220;desktop&#8220;:{&#8220;margin-top&#8220;:&#8220;50&#8220;,&#8220;class&#8220;:&#8220;grve-wpb-1773337228365&#8220;}}&#8221;][vc_column_text css=&#8221;.vc_custom_1773337316121{margin-top: 15px !important;margin-right: 10px !important;margin-left: 10px !important;}&#8221;] At(l)as do 10\u00ba EPRAE Cartografia relacional de um encontro &nbsp; A 10\u00aa edi\u00e7\u00e3o do Encontro em Pr\u00e1ticas de Investiga\u00e7\u00e3o em Educa\u00e7\u00e3o Art\u00edstica (EPRAE) procurou, desde cedo, experimentar outras formas (im)poss\u00edveis de partilha de processos de investiga\u00e7\u00e3o. N\u00e3o nos interessava performances conferencistas intoc\u00e1veis, muito menos [&hellip;]<\/p>\n","protected":false},"author":1,"featured_media":0,"parent":0,"menu_order":0,"comment_status":"closed","ping_status":"closed","template":"","meta":{"footnotes":""},"class_list":["post-53","page","type-page","status-publish","hentry","grve-entry-item"],"_links":{"self":[{"href":"https:\/\/sofiasantos.pt\/en\/wp-json\/wp\/v2\/pages\/53","targetHints":{"allow":["GET"]}}],"collection":[{"href":"https:\/\/sofiasantos.pt\/en\/wp-json\/wp\/v2\/pages"}],"about":[{"href":"https:\/\/sofiasantos.pt\/en\/wp-json\/wp\/v2\/types\/page"}],"author":[{"embeddable":true,"href":"https:\/\/sofiasantos.pt\/en\/wp-json\/wp\/v2\/users\/1"}],"replies":[{"embeddable":true,"href":"https:\/\/sofiasantos.pt\/en\/wp-json\/wp\/v2\/comments?post=53"}],"version-history":[{"count":41,"href":"https:\/\/sofiasantos.pt\/en\/wp-json\/wp\/v2\/pages\/53\/revisions"}],"predecessor-version":[{"id":666,"href":"https:\/\/sofiasantos.pt\/en\/wp-json\/wp\/v2\/pages\/53\/revisions\/666"}],"wp:attachment":[{"href":"https:\/\/sofiasantos.pt\/en\/wp-json\/wp\/v2\/media?parent=53"}],"curies":[{"name":"wp","href":"https:\/\/api.w.org\/{rel}","templated":true}]}}