{"id":51,"date":"2025-09-20T13:26:55","date_gmt":"2025-09-20T13:26:55","guid":{"rendered":"https:\/\/sofiasantos.pt\/?page_id=51"},"modified":"2026-03-24T15:51:06","modified_gmt":"2026-03-24T15:51:06","slug":"bio","status":"publish","type":"page","link":"https:\/\/sofiasantos.pt\/en\/bio\/","title":{"rendered":"Bio"},"content":{"rendered":"<div class=\"wpb-content-wrapper\"><p>[vc_row section_type=&#8221;container-width&#8221;][vc_column width=&#8221;1\/3&#8243;]<div class=\"grve-element grve-image grve-align-left\">\r\n\t<div class=\"grve-image-item\">\r\n\t\t\r\n\r\n<div class=\"grve-image-wrapper grve-no-effect\">\r\n\t\t<div class=\"grve-thumbnail-wrapper\"  style=\"width: 753px;\"><div class=\"grve-thumbnail\"  style=\"padding-top: 254.98%;\"><img loading=\"lazy\" decoding=\"async\" width=\"753\" height=\"1920\" src=\"https:\/\/sofiasantos.pt\/wp-content\/uploads\/2025\/09\/sofia_santos-753x1920.jpg\" class=\"attachment-impeka-grve-fullscreen size-impeka-grve-fullscreen\" alt=\"\" data-column-space=\"auto\" data-lazyload=\"\" data-grve-filter=\"yes\" srcset=\"https:\/\/sofiasantos.pt\/wp-content\/uploads\/2025\/09\/sofia_santos-753x1920.jpg 753w, https:\/\/sofiasantos.pt\/wp-content\/uploads\/2025\/09\/sofia_santos-118x300.jpg 118w, https:\/\/sofiasantos.pt\/wp-content\/uploads\/2025\/09\/sofia_santos-402x1024.jpg 402w, https:\/\/sofiasantos.pt\/wp-content\/uploads\/2025\/09\/sofia_santos-768x1957.jpg 768w\" sizes=\"auto, (max-width: 753px) 100vw, 753px\" \/><\/div><\/div>\t<\/div>\r\n\t<\/div>\r\n<\/div>\r\n[vc_column_text css=&#8221;&#8221;]\u00a9 Daniel Costa, 2022[\/vc_column_text][\/vc_column][vc_column width=&#8221;2\/3&#8243;][vc_column_text css=&#8221;.vc_custom_1774367111297{padding-bottom: 20px !important;}&#8221; text_style=&#8221;page-description&#8221;]<\/p>\n<p style=\"text-align: right;\"><strong>&#8220;Com a minha pr\u00e1tica procuro cultivar rela\u00e7\u00f5es po\u00e9ticas e pol\u00edticas entre corpos, lugares e tempos. Entre arte e educa\u00e7\u00e3o &#8211; e atrav\u00e9s de processos muitas vezes coletivos &#8211;\u00a0 caminho, paro e (re)paro para abrir espa\u00e7os de aten\u00e7\u00e3o, escuta e cria\u00e7\u00e3o no quotidiano.&#8221;<\/strong><\/p>\n<p>[\/vc_column_text]<div style=\"height: 32px;\" class=\"grve-empty-space\"><\/div>[vc_column_text css=&#8221;.vc_custom_1774367202723{padding-bottom: -10px !important;}&#8221;]<\/p>\n<h2>Sofia Santos<\/h2>\n<p>[\/vc_column_text][vc_column_text css=&#8221;.vc_custom_1774367211382{padding-top: -10px !important;}&#8221; text_style=&#8221;small-text&#8221;]<\/p>\n<p class=\"grve-element grve-title grve-align-inherit grve-h6\"><em>Porto, 1985<\/em><\/p>\n<p>[\/vc_column_text]<div class=\"grve-empty-space grve-height-1x\"><\/div>[vc_column_text css=&#8221;&#8221; content_en_us=&#8221;QXJ0aXN0JTJDJTIwYXJ0JTIwZWR1Y2F0b3IlMjBhbmQlMjByZXNlYXJjaGVyLiUwQUdyYWR1YXRlZCUyMGluJTIwRmluZSUyMEFydHMlMjAtJTIwUGFpbnRpbmclMjBmcm9tJTIwRkJBVVAlMjAlMjgyMDA3JTI5JTJDJTIwY29tcGxldGVkJTIwaGVyJTIwbWFzdGVyJTI3cyUyMGRlZ3JlZSUyMGluJTIwQXJ0JTIwYW5kJTIwRGVzaWduJTIwZm9yJTIwdGhlJTIwUHVibGljJTIwU3BhY2UlMjBpbiUyMHRoZSUyMHNhbWUlMjBpbnN0aXR1dGlvbiUyMGFzJTIwYSUyMGRpc3NlcnRhdGlvbiUyMCU1QlZMNiU1RCUyMEFuJTIwYXJ0aXN0aWMlMjBpbnRlcnZlbnRpb24lMjBhcyUyMGElMjBmb3JtJTIwb2YlMjBxdWVzdGlvbmluZyUyMG9mJTIwZXhwZXJpZW5jZXMlMjBvZiUyMGhhYml0YWJpbGl0eSUyMGluJTIwY29tbW9uJTIwcGxhY2VzJTJDJTIwb3JpZW50ZWQlMjBieSUyMGFyY2hpdGVjdCUyMFBlZHJvJTIwQmFuZGVpcmEuJTBBJTBBSGUlMjBpcyUyMGN1cnJlbnRseSUyMGRldmVsb3BpbmclMjBwcm9mZXNzaW9uYWwlMjByZXNlYXJjaCUyMGluJTIwQXJ0aXN0aWMlMjBFZHVjYXRpb24lMjBhdCUyMEZCQVVQJTJDJTIwd2hlcmUlMjBoZSUyMGV4cGxvcmVzJTIwc2Vuc2l0aXZlJTIwcHJhY3RpY2VzJTIwb2YlMjByZWxhdGluZyUyMHRvJTIwc3BhY2UlMkMlMjBib2R5JTIwYW5kJTIwZXhwZXJpZW5jZSUyQyUyMHRocm91Z2glMjB3YWxraW5nJTJDJTIwZGV2ZWxvcG1lbnQlMjBhbmQlMjBwb2V0aWMlMjBhbmQlMjBwYXJ0aWNpcGF0b3J5JTIwYWN0aXZhdGlvbiUyMG9mJTIwdGVycml0b3JpZXMuJTBBSGlzJTIwd29yayUyMGFydGljdWxhdGVzJTIwY3JpdGljYWwlMjB0aGlua2luZyUyMGFuZCUyMHNpdHVhdGVkJTIwY3JlYXRpdml0eSUyQyUyMHdpdGglMjBmb2N1cyUyMG5vdCUyMGdlc3R1cmUlMkMlMjBpbiUyMGV4cGxvcmF0aW9uJTIwYW5kJTIwaW4lMjBjb2xsYWJvcmF0aXZlJTIwcHJhY3RpY2VzLiUwQSUwQUhlJTIwZGV2ZWxvcGVkJTIwaGlzJTIwaW50ZXJlc3QlMjBpbiUyMGltYWdlcyUyQyUyMG5hcnJhdGl2ZSUyMGFuZCUyMGRvY3VtZW50YXRpb24lMjB0aHJvdWdoJTIwaGlzJTIwc3R1ZHklMjBvZiUyMERvY3VtZW50YXJ5JTIwQ2luZW1hJTIwYW5kJTIwUGhvdG9ncmFwaHklMjBhdCUyMEVTTUFEJTIwJTI4MjAxNyUyOSUyQyUyMHdoZXJlJTIwaGlzJTIwY29udGFjdCUyMHdpdGglMjB0aGUlMjBCcml0aXNoJTIwcGhvdG9ncmFwaGVyJTIwS2VuJTIwR3JhbnQlMjB3YXMlMjBwYXJ0aWN1bGFybHklMjBub3RhYmxlLiUwQSUwQUhlJTIwcmVndWxhcmx5JTIwY29sbGFib3JhdGVzJTIwaW4lMjB0aGUlMjBtZWRpYSUyRmVkdWNhdGlvbiUyMHByb2dyYW1zJTIwb2YlMjBpbnN0aXR1dGlvbnMlMjBzdWNoJTIwYXMlMjB0aGUlMjBNdXNldSUyMGRlJTIwQXJ0ZSUyMENvbnRlbXBvciVDMyVBMm5lYSUyMGRlJTIwU2VycmFsdmVzJTJDJTIwdGhlJTIwQ2VudHJvJTIwSW50ZXJuYWNpb25hbCUyMGRlJTIwQXJ0ZSUyMEpvcyVDMyVBOSUyMGRlJTIwR3VpbWFyJUMzJUEzZXMlMkMlMjB0aGUlMjBDZW50cm8lMjBkZSUyMEFydGUlMjBPbGl2YSUyQyUyMG9yJTIwdGhlJTIwTXVzZXUlMjBkYSUyMENpZGFkZSUyQyUyMGFtb25nJTIwb3RoZXJzJTJDJTIwZGV2ZWxvcGluZyUyMG1lZGlhJTJDJTIwdHJhaW5pbmclMjBhbmQlMjBhcnRpc3RpYyUyMGNyZWF0aW9uJTIwcHJvamVjdHMlMjB3aXRoJTIwZGlmZmVyZW50JTIwYXVkaWVuY2VzLiUwQSUwQVNpbmNlJTIwMjAxNiUyQyUyMGl0JTIwaGFzJTIwYmVlbiUyMHBhcnQlMjBvZiUyMHRoZSUyMGNvbmNlcHRpb24lMjBvZiUyMHR3byUyMGVkdWNhdGlvbmFsJTIwcHJvZ3JhbXMlMjBvZiUyMHRoZSUyMEJPQSUyMGNvbGxlY3RpdmUlMjAtJTIwQm9tYmFyZGElMjBBcnQlMjBPZmZpY2VzLg==&#8221;]Artista, art<em>e<\/em>ducadora e investigadora.<br \/>\nLicenciada em Artes Pl\u00e1sticas &#8211; Pintura pela FBAUP (2007), concluiu o mestrado em Arte e Design para o Espa\u00e7o P\u00fablico na mesma institui\u00e7\u00e3o com a disserta\u00e7\u00e3o &#8220;<em>[VL6] A interven\u00e7\u00e3o art\u00edstica como forma de questionamento das experi\u00eancias de habitabilidade em lugares comuns&#8221;<\/em>, orientada pelo arquiteto Pedro Bandeira.<\/p>\n<p>Atualmente desenvolve investiga\u00e7\u00e3o doutoral em Educa\u00e7\u00e3o Art\u00edstica na FBAUP, onde explora pr\u00e1ticas sens\u00edveis de rela\u00e7\u00e3o com o espa\u00e7o, o corpo e a experi\u00eancia, atrav\u00e9s do caminhar, do desenho e da ativa\u00e7\u00e3o po\u00e9tica e participativa de territ\u00f3rios.<br \/>\nO seu trabalho articula pensamento cr\u00edtico e cria\u00e7\u00e3o situada, com foco no gesto, na escuta e nas pr\u00e1ticas colaborativas.<\/p>\n<p>Aprofundou o seu interesse por imagem, narrativa e documenta\u00e7\u00e3o atrav\u00e9s do estudo de Cinema e Fotografia Documental na ESMAD (2017), onde o contacto com o fot\u00f3grafo brit\u00e2nico Ken Grant foi particularmente marcante.<\/p>\n<p>Colabora regularmente na programa\u00e7\u00e3o de media\u00e7\u00e3o\/educa\u00e7\u00e3o de institui\u00e7\u00f5es como o Museu de Arte Contempor\u00e2nea de Serralves, o Centro Internacional de Arte Jos\u00e9 de Guimar\u00e3es, o Centro de Arte Oliva, o Museu da Cidade, entre outras, desenvolvendo projetos de media\u00e7\u00e3o, forma\u00e7\u00e3o e cria\u00e7\u00e3o art\u00edstica com diferentes p\u00fablicos.<\/p>\n<p>Desde 2016, \u00e9 parceira na concep\u00e7\u00e3o dos programas de cria\u00e7\u00e3o e media\u00e7\u00e3o do coletivo BOA &#8211; Bombarda Oficinas de Arte.[\/vc_column_text][\/vc_column][\/vc_row]<\/p>\n<\/div>","protected":false},"excerpt":{"rendered":"<p>[vc_row section_type=&#8221;container-width&#8221;][vc_column width=&#8221;1\/3&#8243;] [vc_column_text css=&#8221;&#8221;]\u00a9 Daniel Costa, 2022[\/vc_column_text][\/vc_column][vc_column width=&#8221;2\/3&#8243;][vc_column_text css=&#8221;.vc_custom_1774367111297{padding-bottom: 20px !important;}&#8221; text_style=&#8221;page-description&#8221;] &#8220;Com a minha pr\u00e1tica procuro cultivar rela\u00e7\u00f5es po\u00e9ticas e pol\u00edticas entre corpos, lugares e tempos. Entre arte e educa\u00e7\u00e3o &#8211; e atrav\u00e9s de processos muitas vezes coletivos &#8211;\u00a0 caminho, paro e (re)paro para abrir espa\u00e7os de aten\u00e7\u00e3o, escuta e cria\u00e7\u00e3o no quotidiano.&#8221; [&hellip;]<\/p>\n","protected":false},"author":1,"featured_media":0,"parent":0,"menu_order":0,"comment_status":"closed","ping_status":"closed","template":"","meta":{"footnotes":""},"class_list":["post-51","page","type-page","status-publish","hentry","grve-entry-item"],"_links":{"self":[{"href":"https:\/\/sofiasantos.pt\/en\/wp-json\/wp\/v2\/pages\/51","targetHints":{"allow":["GET"]}}],"collection":[{"href":"https:\/\/sofiasantos.pt\/en\/wp-json\/wp\/v2\/pages"}],"about":[{"href":"https:\/\/sofiasantos.pt\/en\/wp-json\/wp\/v2\/types\/page"}],"author":[{"embeddable":true,"href":"https:\/\/sofiasantos.pt\/en\/wp-json\/wp\/v2\/users\/1"}],"replies":[{"embeddable":true,"href":"https:\/\/sofiasantos.pt\/en\/wp-json\/wp\/v2\/comments?post=51"}],"version-history":[{"count":48,"href":"https:\/\/sofiasantos.pt\/en\/wp-json\/wp\/v2\/pages\/51\/revisions"}],"predecessor-version":[{"id":615,"href":"https:\/\/sofiasantos.pt\/en\/wp-json\/wp\/v2\/pages\/51\/revisions\/615"}],"wp:attachment":[{"href":"https:\/\/sofiasantos.pt\/en\/wp-json\/wp\/v2\/media?parent=51"}],"curies":[{"name":"wp","href":"https:\/\/api.w.org\/{rel}","templated":true}]}}